{"id":2387,"date":"2021-08-10T16:54:42","date_gmt":"2021-08-10T19:54:42","guid":{"rendered":"https:\/\/aprendaslalom.com.br\/?page_id=2387"},"modified":"2021-08-10T16:57:24","modified_gmt":"2021-08-10T19:57:24","slug":"nivel-avancado-1","status":"publish","type":"page","link":"https:\/\/aprendaslalom.com.br\/en\/nivel-avancado-1\/","title":{"rendered":"N\u00edvel Avan\u00e7ado 1"},"content":{"rendered":"<div data-elementor-type=\"wp-page\" data-elementor-id=\"2387\" class=\"elementor elementor-2387\">\n\t\t\t\t\t\t<section class=\"elementor-section elementor-top-section elementor-element elementor-element-584ffe0 elementor-section-boxed elementor-section-height-default elementor-section-height-default\" data-id=\"584ffe0\" data-element_type=\"section\" data-e-type=\"section\">\n\t\t\t\t\t\t<div class=\"elementor-container elementor-column-gap-default\">\n\t\t\t\t\t<div class=\"elementor-column elementor-col-100 elementor-top-column elementor-element elementor-element-3d3818b\" data-id=\"3d3818b\" data-element_type=\"column\" data-e-type=\"column\">\n\t\t\t<div class=\"elementor-widget-wrap elementor-element-populated\">\n\t\t\t\t\t\t<div class=\"elementor-element elementor-element-de5ee16 elementor-widget elementor-widget-image\" data-id=\"de5ee16\" data-element_type=\"widget\" data-e-type=\"widget\" data-widget_type=\"image.default\">\n\t\t\t\t<div class=\"elementor-widget-container\">\n\t\t\t\t\t\t\t\t\t\t\t\t\t\t\t<img fetchpriority=\"high\" decoding=\"async\" width=\"960\" height=\"540\" src=\"https:\/\/aprendaslalom.com.br\/wp-content\/uploads\/2020\/07\/P\u00e1gina-em-constru\u00e7\u00e3o-Site-em-constru\u00e7\u00e3o-02-1024x576.jpg\" class=\"attachment-large size-large wp-image-1218\" alt=\"Site em constru\u00e7\u00e3o\" srcset=\"https:\/\/aprendaslalom.com.br\/wp-content\/uploads\/2020\/07\/P\u00e1gina-em-constru\u00e7\u00e3o-Site-em-constru\u00e7\u00e3o-02-1024x576.jpg 1024w, https:\/\/aprendaslalom.com.br\/wp-content\/uploads\/2020\/07\/P\u00e1gina-em-constru\u00e7\u00e3o-Site-em-constru\u00e7\u00e3o-02-300x169.jpg 300w, https:\/\/aprendaslalom.com.br\/wp-content\/uploads\/2020\/07\/P\u00e1gina-em-constru\u00e7\u00e3o-Site-em-constru\u00e7\u00e3o-02-768x432.jpg 768w, https:\/\/aprendaslalom.com.br\/wp-content\/uploads\/2020\/07\/P\u00e1gina-em-constru\u00e7\u00e3o-Site-em-constru\u00e7\u00e3o-02-1536x864.jpg 1536w, https:\/\/aprendaslalom.com.br\/wp-content\/uploads\/2020\/07\/P\u00e1gina-em-constru\u00e7\u00e3o-Site-em-constru\u00e7\u00e3o-02-1140x641.jpg 1140w, https:\/\/aprendaslalom.com.br\/wp-content\/uploads\/2020\/07\/P\u00e1gina-em-constru\u00e7\u00e3o-Site-em-constru\u00e7\u00e3o-02.jpg 1920w\" sizes=\"(max-width: 960px) 100vw, 960px\" \/>\t\t\t\t\t\t\t\t\t\t\t\t\t\t\t<\/div>\n\t\t\t\t<\/div>\n\t\t\t\t\t<\/div>\n\t\t<\/div>\n\t\t\t\t\t<\/div>\n\t\t<\/section>\n\t\t\t\t<\/div>","protected":false},"excerpt":{"rendered":"","protected":false},"author":2,"featured_media":0,"parent":0,"menu_order":0,"comment_status":"closed","ping_status":"closed","template":"","meta":{"om_disable_all_campaigns":false,"_monsterinsights_skip_tracking":false,"_monsterinsights_sitenote_active":false,"_monsterinsights_sitenote_note":"","_monsterinsights_sitenote_category":0,"_uf_show_specific_survey":0,"_uf_disable_surveys":false,"footnotes":""},"class_list":["post-2387","page","type-page","status-publish","hentry"],"aioseo_notices":[],"yoast_head":"<!-- This site is optimized with the Yoast SEO plugin v27.3 - https:\/\/yoast.com\/product\/yoast-seo-wordpress\/ -->\n<title>N\u00edvel Avan\u00e7ado 1 - Aprenda Slalom<\/title>\n<meta name=\"robots\" content=\"index, follow, max-snippet:-1, max-image-preview:large, max-video-preview:-1\" \/>\n<link rel=\"canonical\" href=\"https:\/\/aprendaslalom.com.br\/en\/nivel-avancado-1\/\" \/>\n<meta property=\"og:locale\" content=\"en_US\" \/>\n<meta property=\"og:type\" content=\"article\" \/>\n<meta property=\"og:title\" content=\"N\u00edvel Avan\u00e7ado 1 - Aprenda Slalom\" \/>\n<meta property=\"og:url\" content=\"https:\/\/aprendaslalom.com.br\/en\/nivel-avancado-1\/\" \/>\n<meta property=\"og:site_name\" content=\"Aprenda Slalom\" \/>\n<meta property=\"article:modified_time\" content=\"2021-08-10T19:57:24+00:00\" \/>\n<meta property=\"og:image\" content=\"https:\/\/aprendaslalom.com.br\/wp-content\/uploads\/2020\/07\/P\u00e1gina-em-constru\u00e7\u00e3o-Site-em-constru\u00e7\u00e3o-02-1024x576.jpg\" \/>\n<meta name=\"twitter:card\" content=\"summary_large_image\" \/>\n<meta name=\"twitter:label1\" content=\"Est. reading time\" \/>\n\t<meta name=\"twitter:data1\" content=\"1 minute\" \/>\n<script type=\"application\/ld+json\" class=\"yoast-schema-graph\">{\"@context\":\"https:\\\/\\\/schema.org\",\"@graph\":[{\"@type\":\"WebPage\",\"@id\":\"https:\\\/\\\/aprendaslalom.com.br\\\/nivel-avancado-1\\\/\",\"url\":\"https:\\\/\\\/aprendaslalom.com.br\\\/nivel-avancado-1\\\/\",\"name\":\"N\u00edvel Avan\u00e7ado 1 - Aprenda Slalom\",\"isPartOf\":{\"@id\":\"https:\\\/\\\/aprendaslalom.com.br\\\/en\\\/#website\"},\"datePublished\":\"2021-08-10T19:54:42+00:00\",\"dateModified\":\"2021-08-10T19:57:24+00:00\",\"breadcrumb\":{\"@id\":\"https:\\\/\\\/aprendaslalom.com.br\\\/nivel-avancado-1\\\/#breadcrumb\"},\"inLanguage\":\"en-US\",\"potentialAction\":[{\"@type\":\"ReadAction\",\"target\":[\"https:\\\/\\\/aprendaslalom.com.br\\\/nivel-avancado-1\\\/\"]}]},{\"@type\":\"BreadcrumbList\",\"@id\":\"https:\\\/\\\/aprendaslalom.com.br\\\/nivel-avancado-1\\\/#breadcrumb\",\"itemListElement\":[{\"@type\":\"ListItem\",\"position\":1,\"name\":\"In\u00edcio\",\"item\":\"https:\\\/\\\/aprendaslalom.com.br\\\/\"},{\"@type\":\"ListItem\",\"position\":2,\"name\":\"N\u00edvel Avan\u00e7ado 1\"}]},{\"@type\":\"WebSite\",\"@id\":\"https:\\\/\\\/aprendaslalom.com.br\\\/en\\\/#website\",\"url\":\"https:\\\/\\\/aprendaslalom.com.br\\\/en\\\/\",\"name\":\"Aprenda Slalom\",\"description\":\"Tutoriais de Patina\u00e7\u00e3o Slalom Freestyle\",\"publisher\":{\"@id\":\"https:\\\/\\\/aprendaslalom.com.br\\\/en\\\/#\\\/schema\\\/person\\\/1a542d717b7cfcd7e96f4f1c8ee40f22\"},\"potentialAction\":[{\"@type\":\"SearchAction\",\"target\":{\"@type\":\"EntryPoint\",\"urlTemplate\":\"https:\\\/\\\/aprendaslalom.com.br\\\/en\\\/?s={search_term_string}\"},\"query-input\":{\"@type\":\"PropertyValueSpecification\",\"valueRequired\":true,\"valueName\":\"search_term_string\"}}],\"inLanguage\":\"en-US\"},{\"@type\":[\"Person\",\"Organization\"],\"@id\":\"https:\\\/\\\/aprendaslalom.com.br\\\/en\\\/#\\\/schema\\\/person\\\/1a542d717b7cfcd7e96f4f1c8ee40f22\",\"name\":\"victor.kovics\",\"image\":{\"@type\":\"ImageObject\",\"inLanguage\":\"en-US\",\"@id\":\"https:\\\/\\\/aprendaslalom.com.br\\\/wp-content\\\/uploads\\\/2020\\\/07\\\/cropped-Aprenda-Slalom-Logo-Novo-2.png\",\"url\":\"https:\\\/\\\/aprendaslalom.com.br\\\/wp-content\\\/uploads\\\/2020\\\/07\\\/cropped-Aprenda-Slalom-Logo-Novo-2.png\",\"contentUrl\":\"https:\\\/\\\/aprendaslalom.com.br\\\/wp-content\\\/uploads\\\/2020\\\/07\\\/cropped-Aprenda-Slalom-Logo-Novo-2.png\",\"width\":1500,\"height\":1489,\"caption\":\"victor.kovics\"},\"logo\":{\"@id\":\"https:\\\/\\\/aprendaslalom.com.br\\\/wp-content\\\/uploads\\\/2020\\\/07\\\/cropped-Aprenda-Slalom-Logo-Novo-2.png\"},\"sameAs\":[\"https:\\\/\\\/www.aprendaslalom.com.br\"]}]}<\/script>\n<!-- \/ Yoast SEO plugin. -->","yoast_head_json":{"title":"N\u00edvel Avan\u00e7ado 1 - Aprenda Slalom","robots":{"index":"index","follow":"follow","max-snippet":"max-snippet:-1","max-image-preview":"max-image-preview:large","max-video-preview":"max-video-preview:-1"},"canonical":"https:\/\/aprendaslalom.com.br\/en\/nivel-avancado-1\/","og_locale":"en_US","og_type":"article","og_title":"N\u00edvel Avan\u00e7ado 1 - Aprenda Slalom","og_url":"https:\/\/aprendaslalom.com.br\/en\/nivel-avancado-1\/","og_site_name":"Aprenda Slalom","article_modified_time":"2021-08-10T19:57:24+00:00","og_image":[{"url":"https:\/\/aprendaslalom.com.br\/wp-content\/uploads\/2020\/07\/P\u00e1gina-em-constru\u00e7\u00e3o-Site-em-constru\u00e7\u00e3o-02-1024x576.jpg","type":"","width":"","height":""}],"twitter_card":"summary_large_image","twitter_misc":{"Est. reading time":"1 minute"},"schema":{"@context":"https:\/\/schema.org","@graph":[{"@type":"WebPage","@id":"https:\/\/aprendaslalom.com.br\/nivel-avancado-1\/","url":"https:\/\/aprendaslalom.com.br\/nivel-avancado-1\/","name":"N\u00edvel Avan\u00e7ado 1 - Aprenda Slalom","isPartOf":{"@id":"https:\/\/aprendaslalom.com.br\/en\/#website"},"datePublished":"2021-08-10T19:54:42+00:00","dateModified":"2021-08-10T19:57:24+00:00","breadcrumb":{"@id":"https:\/\/aprendaslalom.com.br\/nivel-avancado-1\/#breadcrumb"},"inLanguage":"en-US","potentialAction":[{"@type":"ReadAction","target":["https:\/\/aprendaslalom.com.br\/nivel-avancado-1\/"]}]},{"@type":"BreadcrumbList","@id":"https:\/\/aprendaslalom.com.br\/nivel-avancado-1\/#breadcrumb","itemListElement":[{"@type":"ListItem","position":1,"name":"In\u00edcio","item":"https:\/\/aprendaslalom.com.br\/"},{"@type":"ListItem","position":2,"name":"N\u00edvel Avan\u00e7ado 1"}]},{"@type":"WebSite","@id":"https:\/\/aprendaslalom.com.br\/en\/#website","url":"https:\/\/aprendaslalom.com.br\/en\/","name":"Aprenda Slalom","description":"Freestyle Slalom Skating Tutorials","publisher":{"@id":"https:\/\/aprendaslalom.com.br\/en\/#\/schema\/person\/1a542d717b7cfcd7e96f4f1c8ee40f22"},"potentialAction":[{"@type":"SearchAction","target":{"@type":"EntryPoint","urlTemplate":"https:\/\/aprendaslalom.com.br\/en\/?s={search_term_string}"},"query-input":{"@type":"PropertyValueSpecification","valueRequired":true,"valueName":"search_term_string"}}],"inLanguage":"en-US"},{"@type":["Person","Organization"],"@id":"https:\/\/aprendaslalom.com.br\/en\/#\/schema\/person\/1a542d717b7cfcd7e96f4f1c8ee40f22","name":"victor.kovics","image":{"@type":"ImageObject","inLanguage":"en-US","@id":"https:\/\/aprendaslalom.com.br\/wp-content\/uploads\/2020\/07\/cropped-Aprenda-Slalom-Logo-Novo-2.png","url":"https:\/\/aprendaslalom.com.br\/wp-content\/uploads\/2020\/07\/cropped-Aprenda-Slalom-Logo-Novo-2.png","contentUrl":"https:\/\/aprendaslalom.com.br\/wp-content\/uploads\/2020\/07\/cropped-Aprenda-Slalom-Logo-Novo-2.png","width":1500,"height":1489,"caption":"victor.kovics"},"logo":{"@id":"https:\/\/aprendaslalom.com.br\/wp-content\/uploads\/2020\/07\/cropped-Aprenda-Slalom-Logo-Novo-2.png"},"sameAs":["https:\/\/www.aprendaslalom.com.br"]}]}},"jetpack_sharing_enabled":true,"_links":{"self":[{"href":"https:\/\/aprendaslalom.com.br\/en\/wp-json\/wp\/v2\/pages\/2387","targetHints":{"allow":["GET"]}}],"collection":[{"href":"https:\/\/aprendaslalom.com.br\/en\/wp-json\/wp\/v2\/pages"}],"about":[{"href":"https:\/\/aprendaslalom.com.br\/en\/wp-json\/wp\/v2\/types\/page"}],"author":[{"embeddable":true,"href":"https:\/\/aprendaslalom.com.br\/en\/wp-json\/wp\/v2\/users\/2"}],"replies":[{"embeddable":true,"href":"https:\/\/aprendaslalom.com.br\/en\/wp-json\/wp\/v2\/comments?post=2387"}],"version-history":[{"count":4,"href":"https:\/\/aprendaslalom.com.br\/en\/wp-json\/wp\/v2\/pages\/2387\/revisions"}],"predecessor-version":[{"id":2391,"href":"https:\/\/aprendaslalom.com.br\/en\/wp-json\/wp\/v2\/pages\/2387\/revisions\/2391"}],"wp:attachment":[{"href":"https:\/\/aprendaslalom.com.br\/en\/wp-json\/wp\/v2\/media?parent=2387"}],"curies":[{"name":"wp","href":"https:\/\/api.w.org\/{rel}","templated":true}]}}