{"id":1207,"date":"2020-07-22T20:04:29","date_gmt":"2020-07-22T23:04:29","guid":{"rendered":"https:\/\/aprendaslalom.com.br\/?page_id=1207"},"modified":"2020-10-21T21:38:31","modified_gmt":"2020-10-22T00:38:31","slug":"rodas","status":"publish","type":"page","link":"https:\/\/aprendaslalom.com.br\/en\/rodas\/","title":{"rendered":"Wheels"},"content":{"rendered":"<div data-elementor-type=\"wp-page\" data-elementor-id=\"1207\" class=\"elementor elementor-1207\">\n\t\t\t\t\t\t<section class=\"elementor-section elementor-top-section elementor-element elementor-element-237899c elementor-section-boxed elementor-section-height-default elementor-section-height-default\" data-id=\"237899c\" data-element_type=\"section\" data-e-type=\"section\">\n\t\t\t\t\t\t<div class=\"elementor-container elementor-column-gap-default\">\n\t\t\t\t\t<div class=\"elementor-column elementor-col-100 elementor-top-column elementor-element elementor-element-4670664\" data-id=\"4670664\" data-element_type=\"column\" data-e-type=\"column\">\n\t\t\t<div class=\"elementor-widget-wrap elementor-element-populated\">\n\t\t\t\t\t\t<div class=\"elementor-element elementor-element-5b80c06 elementor-widget elementor-widget-text-editor\" data-id=\"5b80c06\" data-element_type=\"widget\" data-e-type=\"widget\" data-widget_type=\"text-editor.default\">\n\t\t\t\t<div class=\"elementor-widget-container\">\n\t\t\t\t\t\t\t\t\t<p>Este artigo tr\u00e1s informa\u00e7\u00f5es sobre as rodas de patins.<\/p>\t\t\t\t\t\t\t\t<\/div>\n\t\t\t\t<\/div>\n\t\t\t\t\t<\/div>\n\t\t<\/div>\n\t\t\t\t\t<\/div>\n\t\t<\/section>\n\t\t\t\t<section class=\"elementor-section elementor-top-section elementor-element elementor-element-7f8f594 elementor-section-boxed elementor-section-height-default elementor-section-height-default\" data-id=\"7f8f594\" data-element_type=\"section\" data-e-type=\"section\">\n\t\t\t\t\t\t<div class=\"elementor-container elementor-column-gap-default\">\n\t\t\t\t\t<div class=\"elementor-column elementor-col-100 elementor-top-column elementor-element elementor-element-178105b\" data-id=\"178105b\" data-element_type=\"column\" data-e-type=\"column\">\n\t\t\t<div class=\"elementor-widget-wrap elementor-element-populated\">\n\t\t\t\t\t\t<div class=\"elementor-element elementor-element-f1e1342 elementor-widget elementor-widget-text-editor\" data-id=\"f1e1342\" data-element_type=\"widget\" data-e-type=\"widget\" data-widget_type=\"text-editor.default\">\n\t\t\t\t<div class=\"elementor-widget-container\">\n\t\t\t\t\t\t\t\t\t<p>Fique conosco se tiver d\u00favidas sobre as caracter\u00edsticas das rodas.<\/p>\t\t\t\t\t\t\t\t<\/div>\n\t\t\t\t<\/div>\n\t\t\t\t\t<\/div>\n\t\t<\/div>\n\t\t\t\t\t<\/div>\n\t\t<\/section>\n\t\t\t\t<section class=\"elementor-section elementor-top-section elementor-element elementor-element-7cc4a0f elementor-section-boxed elementor-section-height-default elementor-section-height-default\" data-id=\"7cc4a0f\" data-element_type=\"section\" data-e-type=\"section\">\n\t\t\t\t\t\t<div class=\"elementor-container elementor-column-gap-default\">\n\t\t\t\t\t<div class=\"elementor-column elementor-col-100 elementor-top-column elementor-element elementor-element-c141ed7\" data-id=\"c141ed7\" data-element_type=\"column\" data-e-type=\"column\">\n\t\t\t<div class=\"elementor-widget-wrap elementor-element-populated\">\n\t\t\t\t\t\t<div class=\"elementor-element elementor-element-ee0f949 elementor-widget elementor-widget-text-editor\" data-id=\"ee0f949\" data-element_type=\"widget\" data-e-type=\"widget\" data-widget_type=\"text-editor.default\">\n\t\t\t\t<div class=\"elementor-widget-container\">\n\t\t\t\t\t\t\t\t\t<p>Existem diversos tipos de rodas, mas aqui vamos focar apenas nas espec\u00edficas para slalom. Lembrando que a escolha da roda \u00e9 pessoal.&nbsp;<\/p>\n<p>As rodas apresentam caracter\u00edsticas como tamanho, dureza, formato e material.<\/p>\t\t\t\t\t\t\t\t<\/div>\n\t\t\t\t<\/div>\n\t\t\t\t\t<\/div>\n\t\t<\/div>\n\t\t\t\t\t<\/div>\n\t\t<\/section>\n\t\t\t\t<section class=\"elementor-section elementor-top-section elementor-element elementor-element-fd952ae elementor-section-boxed elementor-section-height-default elementor-section-height-default\" data-id=\"fd952ae\" data-element_type=\"section\" data-e-type=\"section\">\n\t\t\t\t\t\t<div class=\"elementor-container elementor-column-gap-default\">\n\t\t\t\t\t<div class=\"elementor-column elementor-col-100 elementor-top-column elementor-element elementor-element-05e7202\" data-id=\"05e7202\" data-element_type=\"column\" data-e-type=\"column\">\n\t\t\t<div class=\"elementor-widget-wrap elementor-element-populated\">\n\t\t\t\t\t\t<div class=\"elementor-element elementor-element-cfa4952 elementor-widget elementor-widget-text-editor\" data-id=\"cfa4952\" data-element_type=\"widget\" data-e-type=\"widget\" data-widget_type=\"text-editor.default\">\n\t\t\t\t<div class=\"elementor-widget-container\">\n\t\t\t\t\t\t\t\t\t<ul><li><strong>Size <\/strong>- It is measured in millimeters, slalom wheels generally measure between 72mm to 80mm.<\/li><li><strong>Hardness<\/strong> - It is marked with an \"A\" and the slalom wheels have a hardness of around 84A to 90A.<\/li><li><strong>Shape <\/strong>This is where it gets more personal, some wheels have a rounded shape and others have a pointed shape. Rounded wheels can offer a smoother transition inward or outward of the foot and stick more to the ground while pointed wheels are more slippery and slide more easily.<\/li><\/ul>\t\t\t\t\t\t\t\t<\/div>\n\t\t\t\t<\/div>\n\t\t\t\t\t<\/div>\n\t\t<\/div>\n\t\t\t\t\t<\/div>\n\t\t<\/section>\n\t\t\t\t<section class=\"elementor-section elementor-top-section elementor-element elementor-element-780265d elementor-section-boxed elementor-section-height-default elementor-section-height-default\" data-id=\"780265d\" data-element_type=\"section\" data-e-type=\"section\">\n\t\t\t\t\t\t<div class=\"elementor-container elementor-column-gap-default\">\n\t\t\t\t\t<div class=\"elementor-column elementor-col-100 elementor-top-column elementor-element elementor-element-df0acad\" data-id=\"df0acad\" data-element_type=\"column\" data-e-type=\"column\">\n\t\t\t<div class=\"elementor-widget-wrap elementor-element-populated\">\n\t\t\t\t\t\t<div class=\"elementor-element elementor-element-1699a1e elementor-widget elementor-widget-text-editor\" data-id=\"1699a1e\" data-element_type=\"widget\" data-e-type=\"widget\" data-widget_type=\"text-editor.default\">\n\t\t\t\t<div class=\"elementor-widget-container\">\n\t\t\t\t\t\t\t\t\t<p>O gosto pelo tipo das rodas pode ser diferente em cada pessoa por conta do peso, do estilo de patinar e do objetivo de cada uma delas.<\/p><p>Another consideration to be taken is the shape of the hub, however there is no correct parameter to say about a one wheel hub, so it becomes more difficult to choose the right model for this feature.<\/p><p>Note: it may take a while to find the wheel that best suits you and your training location, ideally testing it until you find the one you like best.<\/p>\t\t\t\t\t\t\t\t<\/div>\n\t\t\t\t<\/div>\n\t\t\t\t\t<\/div>\n\t\t<\/div>\n\t\t\t\t\t<\/div>\n\t\t<\/section>\n\t\t\t\t<section class=\"elementor-section elementor-top-section elementor-element elementor-element-2c98d80 elementor-section-boxed elementor-section-height-default elementor-section-height-default\" data-id=\"2c98d80\" data-element_type=\"section\" data-e-type=\"section\">\n\t\t\t\t\t\t<div class=\"elementor-container elementor-column-gap-default\">\n\t\t\t\t\t<div class=\"elementor-column elementor-col-100 elementor-top-column elementor-element elementor-element-56e4f2d\" data-id=\"56e4f2d\" data-element_type=\"column\" data-e-type=\"column\">\n\t\t\t<div class=\"elementor-widget-wrap elementor-element-populated\">\n\t\t\t\t\t\t<div class=\"elementor-element elementor-element-53267f6 elementor-widget elementor-widget-text-editor\" data-id=\"53267f6\" data-element_type=\"widget\" data-e-type=\"widget\" data-widget_type=\"text-editor.default\">\n\t\t\t\t<div class=\"elementor-widget-container\">\n\t\t\t\t\t\t\t\t\t<p>Caso tenha interesse de saber sobre como fuinciona o rod\u00edzio de rosas, veja nosso artigo.<\/p>\t\t\t\t\t\t\t\t<\/div>\n\t\t\t\t<\/div>\n\t\t\t\t\t<\/div>\n\t\t<\/div>\n\t\t\t\t\t<\/div>\n\t\t<\/section>\n\t\t\t\t<section class=\"elementor-section elementor-top-section elementor-element elementor-element-fe9bcd6 elementor-section-boxed elementor-section-height-default elementor-section-height-default\" data-id=\"fe9bcd6\" data-element_type=\"section\" data-e-type=\"section\">\n\t\t\t\t\t\t<div class=\"elementor-container elementor-column-gap-default\">\n\t\t\t\t\t<div class=\"elementor-column elementor-col-100 elementor-top-column elementor-element elementor-element-0f71c15\" data-id=\"0f71c15\" data-element_type=\"column\" data-e-type=\"column\">\n\t\t\t<div class=\"elementor-widget-wrap elementor-element-populated\">\n\t\t\t\t\t\t<div class=\"elementor-element elementor-element-f96dc41 elementor-widget elementor-widget-heading\" data-id=\"f96dc41\" data-element_type=\"widget\" data-e-type=\"widget\" data-widget_type=\"heading.default\">\n\t\t\t\t<div class=\"elementor-widget-container\">\n\t\t\t\t\t<h3 class=\"elementor-heading-title elementor-size-default\"><a href=\"#\">Rod\u00edzio das rodas<\/a><\/h3>\t\t\t\t<\/div>\n\t\t\t\t<\/div>\n\t\t\t\t\t<\/div>\n\t\t<\/div>\n\t\t\t\t\t<\/div>\n\t\t<\/section>\n\t\t\t\t<\/div>","protected":false},"excerpt":{"rendered":"<p>Este artigo tr\u00e1s informa\u00e7\u00f5es sobre as rodas de patins. Fique conosco se tiver d\u00favidas sobre as caracter\u00edsticas das rodas. Existem diversos tipos de rodas, mas aqui vamos focar apenas nas espec\u00edficas para slalom. Lembrando que a escolha da roda \u00e9 pessoal.&nbsp; As rodas apresentam caracter\u00edsticas como tamanho, dureza, formato e material. Tamanho &#8211; \u00c9 medido em mil\u00edmetros, as rodas de slalom geralmente medem entre 72mm a 80mm. Dureza &#8211; \u00c9 marcado com a sigla &#8220;A&#8221; e as rodas de slalom tem a dureza por volta de 84A \u00e0 90A. Formato &#8211; \u00c9 aqui que acaba ficando mais pessoal, algumas rodas tem o formato arredondado e outras tem o formato pontiagudo. Rodas arredondadas podem oferecer uma transi\u00e7\u00e3o na inclina\u00e7\u00e3o do p\u00e9 (para dentro ou para fora) mais suave e aderem mais ao ch\u00e3o enquanto as rodas pontiagudas s\u00e3o mais escorregadias e deslizam com mais facilidade. O gosto pelo tipo das rodas pode ser diferente em cada pessoa por conta do peso, do estilo de patinar e do objetivo de cada uma delas. Outra considera\u00e7\u00e3o a ser levada \u00e9 o formato do cubo, por\u00e9m n\u00e3o h\u00e1 um par\u00e2metro correto para dizer sobre um cubo de uma roda, ent\u00e3o fica mais dif\u00edcil escolher o modelo certo desta caracter\u00edstica. Observa\u00e7\u00e3o: pode levar um tempo at\u00e9 voc\u00ea encontrar a roda que melhor se adapta a voc\u00ea e ao seu local de treino, o ideal \u00e9 ir testando at\u00e9 achar a que voc\u00ea mais gosta. Caso tenha interesse de saber sobre como fuinciona o rod\u00edzio de rosas, veja nosso artigo. Rod\u00edzio das rodas<\/p>","protected":false},"author":2,"featured_media":0,"parent":0,"menu_order":0,"comment_status":"closed","ping_status":"closed","template":"","meta":{"om_disable_all_campaigns":false,"_monsterinsights_skip_tracking":false,"_monsterinsights_sitenote_active":false,"_monsterinsights_sitenote_note":"","_monsterinsights_sitenote_category":0,"_uf_show_specific_survey":0,"_uf_disable_surveys":false,"footnotes":""},"class_list":["post-1207","page","type-page","status-publish","hentry"],"aioseo_notices":[],"yoast_head":"<!-- This site is optimized with the Yoast SEO plugin v27.3 - https:\/\/yoast.com\/product\/yoast-seo-wordpress\/ -->\n<title>Rodas - Aprenda Slalom<\/title>\n<meta name=\"robots\" content=\"index, follow, max-snippet:-1, max-image-preview:large, max-video-preview:-1\" \/>\n<link rel=\"canonical\" href=\"https:\/\/aprendaslalom.com.br\/en\/rodas\/\" \/>\n<meta property=\"og:locale\" content=\"en_US\" \/>\n<meta property=\"og:type\" content=\"article\" \/>\n<meta property=\"og:title\" content=\"Rodas - Aprenda Slalom\" \/>\n<meta property=\"og:description\" content=\"Este artigo tr\u00e1s informa\u00e7\u00f5es sobre as rodas de patins. Fique conosco se tiver d\u00favidas sobre as caracter\u00edsticas das rodas. Existem diversos tipos de rodas, mas aqui vamos focar apenas nas espec\u00edficas para slalom. Lembrando que a escolha da roda \u00e9 pessoal.&nbsp; As rodas apresentam caracter\u00edsticas como tamanho, dureza, formato e material. Tamanho &#8211; \u00c9 medido em mil\u00edmetros, as rodas de slalom geralmente medem entre 72mm a 80mm. Dureza &#8211; \u00c9 marcado com a sigla &#8220;A&#8221; e as rodas de slalom tem a dureza por volta de 84A \u00e0 90A. Formato &#8211; \u00c9 aqui que acaba ficando mais pessoal, algumas rodas tem o formato arredondado e outras tem o formato pontiagudo. Rodas arredondadas podem oferecer uma transi\u00e7\u00e3o na inclina\u00e7\u00e3o do p\u00e9 (para dentro ou para fora) mais suave e aderem mais ao ch\u00e3o enquanto as rodas pontiagudas s\u00e3o mais escorregadias e deslizam com mais facilidade. O gosto pelo tipo das rodas pode ser diferente em cada pessoa por conta do peso, do estilo de patinar e do objetivo de cada uma delas. Outra considera\u00e7\u00e3o a ser levada \u00e9 o formato do cubo, por\u00e9m n\u00e3o h\u00e1 um par\u00e2metro correto para dizer sobre um cubo de uma roda, ent\u00e3o fica mais dif\u00edcil escolher o modelo certo desta caracter\u00edstica. Observa\u00e7\u00e3o: pode levar um tempo at\u00e9 voc\u00ea encontrar a roda que melhor se adapta a voc\u00ea e ao seu local de treino, o ideal \u00e9 ir testando at\u00e9 achar a que voc\u00ea mais gosta. Caso tenha interesse de saber sobre como fuinciona o rod\u00edzio de rosas, veja nosso artigo. Rod\u00edzio das rodas\" \/>\n<meta property=\"og:url\" content=\"https:\/\/aprendaslalom.com.br\/en\/rodas\/\" \/>\n<meta property=\"og:site_name\" content=\"Aprenda Slalom\" \/>\n<meta property=\"article:modified_time\" content=\"2020-10-22T00:38:31+00:00\" \/>\n<meta name=\"twitter:card\" content=\"summary_large_image\" \/>\n<meta name=\"twitter:label1\" content=\"Est. reading time\" \/>\n\t<meta name=\"twitter:data1\" content=\"1 minute\" \/>\n<script type=\"application\/ld+json\" class=\"yoast-schema-graph\">{\"@context\":\"https:\\\/\\\/schema.org\",\"@graph\":[{\"@type\":\"WebPage\",\"@id\":\"https:\\\/\\\/aprendaslalom.com.br\\\/rodas\\\/\",\"url\":\"https:\\\/\\\/aprendaslalom.com.br\\\/rodas\\\/\",\"name\":\"Rodas - Aprenda Slalom\",\"isPartOf\":{\"@id\":\"https:\\\/\\\/aprendaslalom.com.br\\\/en\\\/#website\"},\"datePublished\":\"2020-07-22T23:04:29+00:00\",\"dateModified\":\"2020-10-22T00:38:31+00:00\",\"breadcrumb\":{\"@id\":\"https:\\\/\\\/aprendaslalom.com.br\\\/rodas\\\/#breadcrumb\"},\"inLanguage\":\"en-US\",\"potentialAction\":[{\"@type\":\"ReadAction\",\"target\":[\"https:\\\/\\\/aprendaslalom.com.br\\\/rodas\\\/\"]}]},{\"@type\":\"BreadcrumbList\",\"@id\":\"https:\\\/\\\/aprendaslalom.com.br\\\/rodas\\\/#breadcrumb\",\"itemListElement\":[{\"@type\":\"ListItem\",\"position\":1,\"name\":\"In\u00edcio\",\"item\":\"https:\\\/\\\/aprendaslalom.com.br\\\/\"},{\"@type\":\"ListItem\",\"position\":2,\"name\":\"Rodas\"}]},{\"@type\":\"WebSite\",\"@id\":\"https:\\\/\\\/aprendaslalom.com.br\\\/en\\\/#website\",\"url\":\"https:\\\/\\\/aprendaslalom.com.br\\\/en\\\/\",\"name\":\"Aprenda Slalom\",\"description\":\"Tutoriais de Patina\u00e7\u00e3o Slalom Freestyle\",\"publisher\":{\"@id\":\"https:\\\/\\\/aprendaslalom.com.br\\\/en\\\/#\\\/schema\\\/person\\\/1a542d717b7cfcd7e96f4f1c8ee40f22\"},\"potentialAction\":[{\"@type\":\"SearchAction\",\"target\":{\"@type\":\"EntryPoint\",\"urlTemplate\":\"https:\\\/\\\/aprendaslalom.com.br\\\/en\\\/?s={search_term_string}\"},\"query-input\":{\"@type\":\"PropertyValueSpecification\",\"valueRequired\":true,\"valueName\":\"search_term_string\"}}],\"inLanguage\":\"en-US\"},{\"@type\":[\"Person\",\"Organization\"],\"@id\":\"https:\\\/\\\/aprendaslalom.com.br\\\/en\\\/#\\\/schema\\\/person\\\/1a542d717b7cfcd7e96f4f1c8ee40f22\",\"name\":\"victor.kovics\",\"image\":{\"@type\":\"ImageObject\",\"inLanguage\":\"en-US\",\"@id\":\"https:\\\/\\\/aprendaslalom.com.br\\\/wp-content\\\/uploads\\\/2020\\\/07\\\/cropped-Aprenda-Slalom-Logo-Novo-2.png\",\"url\":\"https:\\\/\\\/aprendaslalom.com.br\\\/wp-content\\\/uploads\\\/2020\\\/07\\\/cropped-Aprenda-Slalom-Logo-Novo-2.png\",\"contentUrl\":\"https:\\\/\\\/aprendaslalom.com.br\\\/wp-content\\\/uploads\\\/2020\\\/07\\\/cropped-Aprenda-Slalom-Logo-Novo-2.png\",\"width\":1500,\"height\":1489,\"caption\":\"victor.kovics\"},\"logo\":{\"@id\":\"https:\\\/\\\/aprendaslalom.com.br\\\/wp-content\\\/uploads\\\/2020\\\/07\\\/cropped-Aprenda-Slalom-Logo-Novo-2.png\"},\"sameAs\":[\"https:\\\/\\\/www.aprendaslalom.com.br\"]}]}<\/script>\n<!-- \/ Yoast SEO plugin. -->","yoast_head_json":{"title":"Rodas - Aprenda Slalom","robots":{"index":"index","follow":"follow","max-snippet":"max-snippet:-1","max-image-preview":"max-image-preview:large","max-video-preview":"max-video-preview:-1"},"canonical":"https:\/\/aprendaslalom.com.br\/en\/rodas\/","og_locale":"en_US","og_type":"article","og_title":"Rodas - Aprenda Slalom","og_description":"Este artigo tr\u00e1s informa\u00e7\u00f5es sobre as rodas de patins. Fique conosco se tiver d\u00favidas sobre as caracter\u00edsticas das rodas. Existem diversos tipos de rodas, mas aqui vamos focar apenas nas espec\u00edficas para slalom. Lembrando que a escolha da roda \u00e9 pessoal.&nbsp; As rodas apresentam caracter\u00edsticas como tamanho, dureza, formato e material. Tamanho &#8211; \u00c9 medido em mil\u00edmetros, as rodas de slalom geralmente medem entre 72mm a 80mm. Dureza &#8211; \u00c9 marcado com a sigla &#8220;A&#8221; e as rodas de slalom tem a dureza por volta de 84A \u00e0 90A. Formato &#8211; \u00c9 aqui que acaba ficando mais pessoal, algumas rodas tem o formato arredondado e outras tem o formato pontiagudo. Rodas arredondadas podem oferecer uma transi\u00e7\u00e3o na inclina\u00e7\u00e3o do p\u00e9 (para dentro ou para fora) mais suave e aderem mais ao ch\u00e3o enquanto as rodas pontiagudas s\u00e3o mais escorregadias e deslizam com mais facilidade. O gosto pelo tipo das rodas pode ser diferente em cada pessoa por conta do peso, do estilo de patinar e do objetivo de cada uma delas. Outra considera\u00e7\u00e3o a ser levada \u00e9 o formato do cubo, por\u00e9m n\u00e3o h\u00e1 um par\u00e2metro correto para dizer sobre um cubo de uma roda, ent\u00e3o fica mais dif\u00edcil escolher o modelo certo desta caracter\u00edstica. Observa\u00e7\u00e3o: pode levar um tempo at\u00e9 voc\u00ea encontrar a roda que melhor se adapta a voc\u00ea e ao seu local de treino, o ideal \u00e9 ir testando at\u00e9 achar a que voc\u00ea mais gosta. Caso tenha interesse de saber sobre como fuinciona o rod\u00edzio de rosas, veja nosso artigo. Rod\u00edzio das rodas","og_url":"https:\/\/aprendaslalom.com.br\/en\/rodas\/","og_site_name":"Aprenda Slalom","article_modified_time":"2020-10-22T00:38:31+00:00","twitter_card":"summary_large_image","twitter_misc":{"Est. reading time":"1 minute"},"schema":{"@context":"https:\/\/schema.org","@graph":[{"@type":"WebPage","@id":"https:\/\/aprendaslalom.com.br\/rodas\/","url":"https:\/\/aprendaslalom.com.br\/rodas\/","name":"Rodas - Aprenda Slalom","isPartOf":{"@id":"https:\/\/aprendaslalom.com.br\/en\/#website"},"datePublished":"2020-07-22T23:04:29+00:00","dateModified":"2020-10-22T00:38:31+00:00","breadcrumb":{"@id":"https:\/\/aprendaslalom.com.br\/rodas\/#breadcrumb"},"inLanguage":"en-US","potentialAction":[{"@type":"ReadAction","target":["https:\/\/aprendaslalom.com.br\/rodas\/"]}]},{"@type":"BreadcrumbList","@id":"https:\/\/aprendaslalom.com.br\/rodas\/#breadcrumb","itemListElement":[{"@type":"ListItem","position":1,"name":"In\u00edcio","item":"https:\/\/aprendaslalom.com.br\/"},{"@type":"ListItem","position":2,"name":"Rodas"}]},{"@type":"WebSite","@id":"https:\/\/aprendaslalom.com.br\/en\/#website","url":"https:\/\/aprendaslalom.com.br\/en\/","name":"Aprenda Slalom","description":"Freestyle Slalom Skating Tutorials","publisher":{"@id":"https:\/\/aprendaslalom.com.br\/en\/#\/schema\/person\/1a542d717b7cfcd7e96f4f1c8ee40f22"},"potentialAction":[{"@type":"SearchAction","target":{"@type":"EntryPoint","urlTemplate":"https:\/\/aprendaslalom.com.br\/en\/?s={search_term_string}"},"query-input":{"@type":"PropertyValueSpecification","valueRequired":true,"valueName":"search_term_string"}}],"inLanguage":"en-US"},{"@type":["Person","Organization"],"@id":"https:\/\/aprendaslalom.com.br\/en\/#\/schema\/person\/1a542d717b7cfcd7e96f4f1c8ee40f22","name":"victor.kovics","image":{"@type":"ImageObject","inLanguage":"en-US","@id":"https:\/\/aprendaslalom.com.br\/wp-content\/uploads\/2020\/07\/cropped-Aprenda-Slalom-Logo-Novo-2.png","url":"https:\/\/aprendaslalom.com.br\/wp-content\/uploads\/2020\/07\/cropped-Aprenda-Slalom-Logo-Novo-2.png","contentUrl":"https:\/\/aprendaslalom.com.br\/wp-content\/uploads\/2020\/07\/cropped-Aprenda-Slalom-Logo-Novo-2.png","width":1500,"height":1489,"caption":"victor.kovics"},"logo":{"@id":"https:\/\/aprendaslalom.com.br\/wp-content\/uploads\/2020\/07\/cropped-Aprenda-Slalom-Logo-Novo-2.png"},"sameAs":["https:\/\/www.aprendaslalom.com.br"]}]}},"jetpack_sharing_enabled":true,"_links":{"self":[{"href":"https:\/\/aprendaslalom.com.br\/en\/wp-json\/wp\/v2\/pages\/1207","targetHints":{"allow":["GET"]}}],"collection":[{"href":"https:\/\/aprendaslalom.com.br\/en\/wp-json\/wp\/v2\/pages"}],"about":[{"href":"https:\/\/aprendaslalom.com.br\/en\/wp-json\/wp\/v2\/types\/page"}],"author":[{"embeddable":true,"href":"https:\/\/aprendaslalom.com.br\/en\/wp-json\/wp\/v2\/users\/2"}],"replies":[{"embeddable":true,"href":"https:\/\/aprendaslalom.com.br\/en\/wp-json\/wp\/v2\/comments?post=1207"}],"version-history":[{"count":5,"href":"https:\/\/aprendaslalom.com.br\/en\/wp-json\/wp\/v2\/pages\/1207\/revisions"}],"predecessor-version":[{"id":1768,"href":"https:\/\/aprendaslalom.com.br\/en\/wp-json\/wp\/v2\/pages\/1207\/revisions\/1768"}],"wp:attachment":[{"href":"https:\/\/aprendaslalom.com.br\/en\/wp-json\/wp\/v2\/media?parent=1207"}],"curies":[{"name":"wp","href":"https:\/\/api.w.org\/{rel}","templated":true}]}}