{"id":1153,"date":"2020-07-22T16:35:02","date_gmt":"2020-07-22T19:35:02","guid":{"rendered":"https:\/\/aprendaslalom.com.br\/?page_id=1153"},"modified":"2020-07-29T15:47:54","modified_gmt":"2020-07-29T18:47:54","slug":"cones","status":"publish","type":"page","link":"https:\/\/aprendaslalom.com.br\/en\/cones\/","title":{"rendered":"Cones"},"content":{"rendered":"<div data-elementor-type=\"wp-page\" data-elementor-id=\"1153\" class=\"elementor elementor-1153\">\n\t\t\t\t\t\t<section class=\"elementor-section elementor-top-section elementor-element elementor-element-803ed44 elementor-section-boxed elementor-section-height-default elementor-section-height-default\" data-id=\"803ed44\" data-element_type=\"section\" data-e-type=\"section\">\n\t\t\t\t\t\t<div class=\"elementor-container elementor-column-gap-default\">\n\t\t\t\t\t<div class=\"elementor-column elementor-col-100 elementor-top-column elementor-element elementor-element-6b3e345\" data-id=\"6b3e345\" data-element_type=\"column\" data-e-type=\"column\">\n\t\t\t<div class=\"elementor-widget-wrap elementor-element-populated\">\n\t\t\t\t\t\t<div class=\"elementor-element elementor-element-70bee09 elementor-widget elementor-widget-text-editor\" data-id=\"70bee09\" data-element_type=\"widget\" data-e-type=\"widget\" data-widget_type=\"text-editor.default\">\n\t\t\t\t<div class=\"elementor-widget-container\">\n\t\t\t\t\t\t\t\t\t<p>Cones s\u00e3o os obst\u00e1culos em formato c\u00f4nico colocados numa fileira com dist\u00e2ncia sim\u00e9trica em rela\u00e7\u00e3o ao outro para execu\u00e7\u00e3o de manobras.<\/p>\t\t\t\t\t\t\t\t<\/div>\n\t\t\t\t<\/div>\n\t\t\t\t\t<\/div>\n\t\t<\/div>\n\t\t\t\t\t<\/div>\n\t\t<\/section>\n\t\t\t\t<section class=\"elementor-section elementor-top-section elementor-element elementor-element-2b741a1 elementor-section-boxed elementor-section-height-default elementor-section-height-default\" data-id=\"2b741a1\" data-element_type=\"section\" data-e-type=\"section\">\n\t\t\t\t\t\t<div class=\"elementor-container elementor-column-gap-default\">\n\t\t\t\t\t<div class=\"elementor-column elementor-col-100 elementor-top-column elementor-element elementor-element-6fdaac6\" data-id=\"6fdaac6\" data-element_type=\"column\" data-e-type=\"column\">\n\t\t\t<div class=\"elementor-widget-wrap elementor-element-populated\">\n\t\t\t\t\t\t<div class=\"elementor-element elementor-element-bb6db7d elementor-widget elementor-widget-text-editor\" data-id=\"bb6db7d\" data-element_type=\"widget\" data-e-type=\"widget\" data-widget_type=\"text-editor.default\">\n\t\t\t\t<div class=\"elementor-widget-container\">\n\t\t\t\t\t\t\t\t\t<p>No link abaixo voc\u00ea encontrar\u00e1 informa\u00e7\u00f5es sobre os cones:<\/p>\t\t\t\t\t\t\t\t<\/div>\n\t\t\t\t<\/div>\n\t\t\t\t\t<\/div>\n\t\t<\/div>\n\t\t\t\t\t<\/div>\n\t\t<\/section>\n\t\t\t\t<section class=\"elementor-section elementor-top-section elementor-element elementor-element-612d321 elementor-section-boxed elementor-section-height-default elementor-section-height-default\" data-id=\"612d321\" data-element_type=\"section\" data-e-type=\"section\">\n\t\t\t\t\t\t<div class=\"elementor-container elementor-column-gap-default\">\n\t\t\t\t\t<div class=\"elementor-column elementor-col-100 elementor-top-column elementor-element elementor-element-b1c40c3\" data-id=\"b1c40c3\" data-element_type=\"column\" data-e-type=\"column\">\n\t\t\t<div class=\"elementor-widget-wrap elementor-element-populated\">\n\t\t\t\t\t\t<div class=\"elementor-element elementor-element-a3e1969 elementor-widget elementor-widget-heading\" data-id=\"a3e1969\" data-element_type=\"widget\" data-e-type=\"widget\" data-widget_type=\"heading.default\">\n\t\t\t\t<div class=\"elementor-widget-container\">\n\t\t\t\t\t<h3 class=\"elementor-heading-title elementor-size-default\"><a href=\"#\">SOBRE OS CONES<\/a><\/h3>\t\t\t\t<\/div>\n\t\t\t\t<\/div>\n\t\t\t\t\t<\/div>\n\t\t<\/div>\n\t\t\t\t\t<\/div>\n\t\t<\/section>\n\t\t\t\t<section class=\"elementor-section elementor-top-section elementor-element elementor-element-c645627 elementor-section-boxed elementor-section-height-default elementor-section-height-default\" data-id=\"c645627\" data-element_type=\"section\" data-e-type=\"section\">\n\t\t\t\t\t\t<div class=\"elementor-container elementor-column-gap-default\">\n\t\t\t\t\t<div class=\"elementor-column elementor-col-100 elementor-top-column elementor-element elementor-element-6cb3ce1\" data-id=\"6cb3ce1\" data-element_type=\"column\" data-e-type=\"column\">\n\t\t\t<div class=\"elementor-widget-wrap elementor-element-populated\">\n\t\t\t\t\t\t<div class=\"elementor-element elementor-element-6a1eb7e elementor-widget elementor-widget-text-editor\" data-id=\"6a1eb7e\" data-element_type=\"widget\" data-e-type=\"widget\" data-widget_type=\"text-editor.default\">\n\t\t\t\t<div class=\"elementor-widget-container\">\n\t\t\t\t\t\t\t\t\t<p>Caso voc\u00ea queira saber como criar seus pr\u00f3prios cones:<\/p>\t\t\t\t\t\t\t\t<\/div>\n\t\t\t\t<\/div>\n\t\t\t\t\t<\/div>\n\t\t<\/div>\n\t\t\t\t\t<\/div>\n\t\t<\/section>\n\t\t\t\t<section class=\"elementor-section elementor-top-section elementor-element elementor-element-272ed77 elementor-section-boxed elementor-section-height-default elementor-section-height-default\" data-id=\"272ed77\" data-element_type=\"section\" data-e-type=\"section\">\n\t\t\t\t\t\t<div class=\"elementor-container elementor-column-gap-default\">\n\t\t\t\t\t<div class=\"elementor-column elementor-col-100 elementor-top-column elementor-element elementor-element-ea35074\" data-id=\"ea35074\" data-element_type=\"column\" data-e-type=\"column\">\n\t\t\t<div class=\"elementor-widget-wrap elementor-element-populated\">\n\t\t\t\t\t\t<div class=\"elementor-element elementor-element-88b8758 elementor-widget elementor-widget-heading\" data-id=\"88b8758\" data-element_type=\"widget\" data-e-type=\"widget\" data-widget_type=\"heading.default\">\n\t\t\t\t<div class=\"elementor-widget-container\">\n\t\t\t\t\t<h3 class=\"elementor-heading-title elementor-size-default\"><a href=\"https:\/\/aprendaslalom.com.br\/en\/criando-seu-cone\/\">Creating your cone<\/a><\/h3>\t\t\t\t<\/div>\n\t\t\t\t<\/div>\n\t\t\t\t\t<\/div>\n\t\t<\/div>\n\t\t\t\t\t<\/div>\n\t\t<\/section>\n\t\t\t\t<section class=\"elementor-section elementor-top-section elementor-element elementor-element-0798d3c elementor-section-boxed elementor-section-height-default elementor-section-height-default\" data-id=\"0798d3c\" data-element_type=\"section\" data-e-type=\"section\">\n\t\t\t\t\t\t<div class=\"elementor-container elementor-column-gap-default\">\n\t\t\t\t\t<div class=\"elementor-column elementor-col-100 elementor-top-column elementor-element elementor-element-380bd4f\" data-id=\"380bd4f\" data-element_type=\"column\" data-e-type=\"column\">\n\t\t\t<div class=\"elementor-widget-wrap elementor-element-populated\">\n\t\t\t\t\t\t<div class=\"elementor-element elementor-element-61b79f7 elementor-widget elementor-widget-text-editor\" data-id=\"61b79f7\" data-element_type=\"widget\" data-e-type=\"widget\" data-widget_type=\"text-editor.default\">\n\t\t\t\t<div class=\"elementor-widget-container\">\n\t\t\t\t\t\t\t\t\t<p>Sobre como montar sua fileira para treinar:<\/p>\t\t\t\t\t\t\t\t<\/div>\n\t\t\t\t<\/div>\n\t\t\t\t\t<\/div>\n\t\t<\/div>\n\t\t\t\t\t<\/div>\n\t\t<\/section>\n\t\t\t\t<section class=\"elementor-section elementor-top-section elementor-element elementor-element-3a674e2 elementor-section-boxed elementor-section-height-default elementor-section-height-default\" data-id=\"3a674e2\" data-element_type=\"section\" data-e-type=\"section\">\n\t\t\t\t\t\t<div class=\"elementor-container elementor-column-gap-default\">\n\t\t\t\t\t<div class=\"elementor-column elementor-col-100 elementor-top-column elementor-element elementor-element-1253034\" data-id=\"1253034\" data-element_type=\"column\" data-e-type=\"column\">\n\t\t\t<div class=\"elementor-widget-wrap elementor-element-populated\">\n\t\t\t\t\t\t<div class=\"elementor-element elementor-element-44dbe5e elementor-widget elementor-widget-heading\" data-id=\"44dbe5e\" data-element_type=\"widget\" data-e-type=\"widget\" data-widget_type=\"heading.default\">\n\t\t\t\t<div class=\"elementor-widget-container\">\n\t\t\t\t\t<h3 class=\"elementor-heading-title elementor-size-default\"><a href=\"https:\/\/aprendaslalom.com.br\/en\/fileiras\/\">FILEIRAs<\/a><\/h3>\t\t\t\t<\/div>\n\t\t\t\t<\/div>\n\t\t\t\t\t<\/div>\n\t\t<\/div>\n\t\t\t\t\t<\/div>\n\t\t<\/section>\n\t\t\t\t<section class=\"elementor-section elementor-top-section elementor-element elementor-element-3c003b9 elementor-section-boxed elementor-section-height-default elementor-section-height-default\" data-id=\"3c003b9\" data-element_type=\"section\" data-e-type=\"section\">\n\t\t\t\t\t\t<div class=\"elementor-container elementor-column-gap-default\">\n\t\t\t\t\t<div class=\"elementor-column elementor-col-100 elementor-top-column elementor-element elementor-element-0d917ea\" data-id=\"0d917ea\" data-element_type=\"column\" data-e-type=\"column\">\n\t\t\t<div class=\"elementor-widget-wrap elementor-element-populated\">\n\t\t\t\t\t\t<div class=\"elementor-element elementor-element-c52004c elementor-widget elementor-widget-spacer\" data-id=\"c52004c\" data-element_type=\"widget\" data-e-type=\"widget\" data-widget_type=\"spacer.default\">\n\t\t\t\t<div class=\"elementor-widget-container\">\n\t\t\t\t\t\t\t<div class=\"elementor-spacer\">\n\t\t\t<div class=\"elementor-spacer-inner\"><\/div>\n\t\t<\/div>\n\t\t\t\t\t\t<\/div>\n\t\t\t\t<\/div>\n\t\t\t\t\t<\/div>\n\t\t<\/div>\n\t\t\t\t\t<\/div>\n\t\t<\/section>\n\t\t\t\t<\/div>","protected":false},"excerpt":{"rendered":"<p>Cones s\u00e3o os obst\u00e1culos em formato c\u00f4nico colocados numa fileira com dist\u00e2ncia sim\u00e9trica em rela\u00e7\u00e3o ao outro para execu\u00e7\u00e3o de manobras. No link abaixo voc\u00ea encontrar\u00e1 informa\u00e7\u00f5es sobre os cones: SOBRE OS CONES Caso voc\u00ea queira saber como criar seus pr\u00f3prios cones: Criando seu cone Sobre como montar sua fileira para treinar: FILEIRAs<\/p>","protected":false},"author":2,"featured_media":0,"parent":0,"menu_order":0,"comment_status":"closed","ping_status":"closed","template":"","meta":{"om_disable_all_campaigns":false,"_monsterinsights_skip_tracking":false,"_monsterinsights_sitenote_active":false,"_monsterinsights_sitenote_note":"","_monsterinsights_sitenote_category":0,"_uf_show_specific_survey":0,"_uf_disable_surveys":false,"footnotes":""},"class_list":["post-1153","page","type-page","status-publish","hentry"],"aioseo_notices":[],"yoast_head":"<!-- This site is optimized with the Yoast SEO plugin v27.3 - https:\/\/yoast.com\/product\/yoast-seo-wordpress\/ -->\n<title>Cones - Aprenda Slalom<\/title>\n<meta name=\"robots\" content=\"index, follow, max-snippet:-1, max-image-preview:large, max-video-preview:-1\" \/>\n<link rel=\"canonical\" href=\"https:\/\/aprendaslalom.com.br\/en\/cones\/\" \/>\n<meta property=\"og:locale\" content=\"en_US\" \/>\n<meta property=\"og:type\" content=\"article\" \/>\n<meta property=\"og:title\" content=\"Cones - Aprenda Slalom\" \/>\n<meta property=\"og:description\" content=\"Cones s\u00e3o os obst\u00e1culos em formato c\u00f4nico colocados numa fileira com dist\u00e2ncia sim\u00e9trica em rela\u00e7\u00e3o ao outro para execu\u00e7\u00e3o de manobras. No link abaixo voc\u00ea encontrar\u00e1 informa\u00e7\u00f5es sobre os cones: SOBRE OS CONES Caso voc\u00ea queira saber como criar seus pr\u00f3prios cones: Criando seu cone Sobre como montar sua fileira para treinar: FILEIRAs\" \/>\n<meta property=\"og:url\" content=\"https:\/\/aprendaslalom.com.br\/en\/cones\/\" \/>\n<meta property=\"og:site_name\" content=\"Aprenda Slalom\" \/>\n<meta property=\"article:modified_time\" content=\"2020-07-29T18:47:54+00:00\" \/>\n<meta name=\"twitter:card\" content=\"summary_large_image\" \/>\n<script type=\"application\/ld+json\" class=\"yoast-schema-graph\">{\"@context\":\"https:\\\/\\\/schema.org\",\"@graph\":[{\"@type\":\"WebPage\",\"@id\":\"https:\\\/\\\/aprendaslalom.com.br\\\/cones\\\/\",\"url\":\"https:\\\/\\\/aprendaslalom.com.br\\\/cones\\\/\",\"name\":\"Cones - Aprenda Slalom\",\"isPartOf\":{\"@id\":\"https:\\\/\\\/aprendaslalom.com.br\\\/en\\\/#website\"},\"datePublished\":\"2020-07-22T19:35:02+00:00\",\"dateModified\":\"2020-07-29T18:47:54+00:00\",\"breadcrumb\":{\"@id\":\"https:\\\/\\\/aprendaslalom.com.br\\\/cones\\\/#breadcrumb\"},\"inLanguage\":\"en-US\",\"potentialAction\":[{\"@type\":\"ReadAction\",\"target\":[\"https:\\\/\\\/aprendaslalom.com.br\\\/cones\\\/\"]}]},{\"@type\":\"BreadcrumbList\",\"@id\":\"https:\\\/\\\/aprendaslalom.com.br\\\/cones\\\/#breadcrumb\",\"itemListElement\":[{\"@type\":\"ListItem\",\"position\":1,\"name\":\"In\u00edcio\",\"item\":\"https:\\\/\\\/aprendaslalom.com.br\\\/\"},{\"@type\":\"ListItem\",\"position\":2,\"name\":\"Cones\"}]},{\"@type\":\"WebSite\",\"@id\":\"https:\\\/\\\/aprendaslalom.com.br\\\/en\\\/#website\",\"url\":\"https:\\\/\\\/aprendaslalom.com.br\\\/en\\\/\",\"name\":\"Aprenda Slalom\",\"description\":\"Tutoriais de Patina\u00e7\u00e3o Slalom Freestyle\",\"publisher\":{\"@id\":\"https:\\\/\\\/aprendaslalom.com.br\\\/en\\\/#\\\/schema\\\/person\\\/1a542d717b7cfcd7e96f4f1c8ee40f22\"},\"potentialAction\":[{\"@type\":\"SearchAction\",\"target\":{\"@type\":\"EntryPoint\",\"urlTemplate\":\"https:\\\/\\\/aprendaslalom.com.br\\\/en\\\/?s={search_term_string}\"},\"query-input\":{\"@type\":\"PropertyValueSpecification\",\"valueRequired\":true,\"valueName\":\"search_term_string\"}}],\"inLanguage\":\"en-US\"},{\"@type\":[\"Person\",\"Organization\"],\"@id\":\"https:\\\/\\\/aprendaslalom.com.br\\\/en\\\/#\\\/schema\\\/person\\\/1a542d717b7cfcd7e96f4f1c8ee40f22\",\"name\":\"victor.kovics\",\"image\":{\"@type\":\"ImageObject\",\"inLanguage\":\"en-US\",\"@id\":\"https:\\\/\\\/aprendaslalom.com.br\\\/wp-content\\\/uploads\\\/2020\\\/07\\\/cropped-Aprenda-Slalom-Logo-Novo-2.png\",\"url\":\"https:\\\/\\\/aprendaslalom.com.br\\\/wp-content\\\/uploads\\\/2020\\\/07\\\/cropped-Aprenda-Slalom-Logo-Novo-2.png\",\"contentUrl\":\"https:\\\/\\\/aprendaslalom.com.br\\\/wp-content\\\/uploads\\\/2020\\\/07\\\/cropped-Aprenda-Slalom-Logo-Novo-2.png\",\"width\":1500,\"height\":1489,\"caption\":\"victor.kovics\"},\"logo\":{\"@id\":\"https:\\\/\\\/aprendaslalom.com.br\\\/wp-content\\\/uploads\\\/2020\\\/07\\\/cropped-Aprenda-Slalom-Logo-Novo-2.png\"},\"sameAs\":[\"https:\\\/\\\/www.aprendaslalom.com.br\"]}]}<\/script>\n<!-- \/ Yoast SEO plugin. -->","yoast_head_json":{"title":"Cones - Aprenda Slalom","robots":{"index":"index","follow":"follow","max-snippet":"max-snippet:-1","max-image-preview":"max-image-preview:large","max-video-preview":"max-video-preview:-1"},"canonical":"https:\/\/aprendaslalom.com.br\/en\/cones\/","og_locale":"en_US","og_type":"article","og_title":"Cones - Aprenda Slalom","og_description":"Cones s\u00e3o os obst\u00e1culos em formato c\u00f4nico colocados numa fileira com dist\u00e2ncia sim\u00e9trica em rela\u00e7\u00e3o ao outro para execu\u00e7\u00e3o de manobras. No link abaixo voc\u00ea encontrar\u00e1 informa\u00e7\u00f5es sobre os cones: SOBRE OS CONES Caso voc\u00ea queira saber como criar seus pr\u00f3prios cones: Criando seu cone Sobre como montar sua fileira para treinar: FILEIRAs","og_url":"https:\/\/aprendaslalom.com.br\/en\/cones\/","og_site_name":"Aprenda Slalom","article_modified_time":"2020-07-29T18:47:54+00:00","twitter_card":"summary_large_image","schema":{"@context":"https:\/\/schema.org","@graph":[{"@type":"WebPage","@id":"https:\/\/aprendaslalom.com.br\/cones\/","url":"https:\/\/aprendaslalom.com.br\/cones\/","name":"Cones - Aprenda Slalom","isPartOf":{"@id":"https:\/\/aprendaslalom.com.br\/en\/#website"},"datePublished":"2020-07-22T19:35:02+00:00","dateModified":"2020-07-29T18:47:54+00:00","breadcrumb":{"@id":"https:\/\/aprendaslalom.com.br\/cones\/#breadcrumb"},"inLanguage":"en-US","potentialAction":[{"@type":"ReadAction","target":["https:\/\/aprendaslalom.com.br\/cones\/"]}]},{"@type":"BreadcrumbList","@id":"https:\/\/aprendaslalom.com.br\/cones\/#breadcrumb","itemListElement":[{"@type":"ListItem","position":1,"name":"In\u00edcio","item":"https:\/\/aprendaslalom.com.br\/"},{"@type":"ListItem","position":2,"name":"Cones"}]},{"@type":"WebSite","@id":"https:\/\/aprendaslalom.com.br\/en\/#website","url":"https:\/\/aprendaslalom.com.br\/en\/","name":"Aprenda Slalom","description":"Freestyle Slalom Skating Tutorials","publisher":{"@id":"https:\/\/aprendaslalom.com.br\/en\/#\/schema\/person\/1a542d717b7cfcd7e96f4f1c8ee40f22"},"potentialAction":[{"@type":"SearchAction","target":{"@type":"EntryPoint","urlTemplate":"https:\/\/aprendaslalom.com.br\/en\/?s={search_term_string}"},"query-input":{"@type":"PropertyValueSpecification","valueRequired":true,"valueName":"search_term_string"}}],"inLanguage":"en-US"},{"@type":["Person","Organization"],"@id":"https:\/\/aprendaslalom.com.br\/en\/#\/schema\/person\/1a542d717b7cfcd7e96f4f1c8ee40f22","name":"victor.kovics","image":{"@type":"ImageObject","inLanguage":"en-US","@id":"https:\/\/aprendaslalom.com.br\/wp-content\/uploads\/2020\/07\/cropped-Aprenda-Slalom-Logo-Novo-2.png","url":"https:\/\/aprendaslalom.com.br\/wp-content\/uploads\/2020\/07\/cropped-Aprenda-Slalom-Logo-Novo-2.png","contentUrl":"https:\/\/aprendaslalom.com.br\/wp-content\/uploads\/2020\/07\/cropped-Aprenda-Slalom-Logo-Novo-2.png","width":1500,"height":1489,"caption":"victor.kovics"},"logo":{"@id":"https:\/\/aprendaslalom.com.br\/wp-content\/uploads\/2020\/07\/cropped-Aprenda-Slalom-Logo-Novo-2.png"},"sameAs":["https:\/\/www.aprendaslalom.com.br"]}]}},"jetpack_sharing_enabled":true,"_links":{"self":[{"href":"https:\/\/aprendaslalom.com.br\/en\/wp-json\/wp\/v2\/pages\/1153","targetHints":{"allow":["GET"]}}],"collection":[{"href":"https:\/\/aprendaslalom.com.br\/en\/wp-json\/wp\/v2\/pages"}],"about":[{"href":"https:\/\/aprendaslalom.com.br\/en\/wp-json\/wp\/v2\/types\/page"}],"author":[{"embeddable":true,"href":"https:\/\/aprendaslalom.com.br\/en\/wp-json\/wp\/v2\/users\/2"}],"replies":[{"embeddable":true,"href":"https:\/\/aprendaslalom.com.br\/en\/wp-json\/wp\/v2\/comments?post=1153"}],"version-history":[{"count":8,"href":"https:\/\/aprendaslalom.com.br\/en\/wp-json\/wp\/v2\/pages\/1153\/revisions"}],"predecessor-version":[{"id":1268,"href":"https:\/\/aprendaslalom.com.br\/en\/wp-json\/wp\/v2\/pages\/1153\/revisions\/1268"}],"wp:attachment":[{"href":"https:\/\/aprendaslalom.com.br\/en\/wp-json\/wp\/v2\/media?parent=1153"}],"curies":[{"name":"wp","href":"https:\/\/api.w.org\/{rel}","templated":true}]}}